{"id":1060,"date":"2023-04-12T15:35:03","date_gmt":"2023-04-12T13:35:03","guid":{"rendered":"https:\/\/shop.ofendiskont.at\/?post_type=product&#038;p=1060"},"modified":"2024-03-19T10:55:25","modified_gmt":"2024-03-19T09:55:25","slug":"sirio-10kw-wahlweise-auch-mit-kanalisierung","status":"publish","type":"product","link":"https:\/\/shop.ofendiskont.at\/?product=sirio-10kw-wahlweise-auch-mit-kanalisierung","title":{"rendered":"Sirio 10kw, wahlweise auch mit Kanalisierung"},"content":{"rendered":"<p>In den Farben wei\u00df, schwarz, rot oder creme erh\u00e4ltlich.<\/p>\n<p>Flacher Pelletofen mit wahlweise Kanalisierung (1 Raumventilator f\u00fcr den Aufstellraum, 1 Ventilator f\u00fcr einen weiteren Wohnraum \u00fcber einen Flexschlauch)<\/p>\n<p>F\u00fcr ca 300 m3 Raumvolumen<br \/>\n107kg Gewicht<br \/>\nRauchanschluss 80mm<br \/>\nPellettank 25 kg<br \/>\nMa\u00dfe (mm) Breite 850, Tiefe 280 und H\u00f6he 1060mm<br \/>\nAnschluss Rauchrohr: hinten oder oben m\u00f6glich.<br \/>\nEnergieeffizienz A+<\/p>\n<p>Dieser Ofen hat eine lange Betriebsdauer, eine hochwertige Verbrennung und damit einen hohe Wirkungsgrad. Er w\u00e4rmt den Aufstellraum und l\u00e4sst sich bequem einstellen.<br \/>\n\u2013 Brenntopf aus Edelstahl, mit glatter Oberfl\u00e4che, damit weniger R\u00fcckst\u00e4nde im Topf bleiben<br \/>\n\u2013 Panoramascheibe mit Scheibensp\u00fclung<br \/>\n\u2013 Raumtemperatursonde, damit Sie die gew\u00fcnschte Temperatur halten k\u00f6nnen<br \/>\n\u2013 Automatische Reinigung des Brenntopfes durch regelm\u00e4\u00dfige Luftsp\u00fclung<br \/>\n\u2013 Gro\u00dfe Glasscheibe f\u00fcr bessere Sicht der Flamme<br \/>\n\u2013 WLAN-Modul optional erh\u00e4ltlich \u2013 damit k\u00f6nnen Sie Ihren Ofen \u00fcber das Internet steuern<br \/>\n\u2013 Herausziehbarer Aschekasten<br \/>\n\u2013 Timer programmierbar<br \/>\n\u2013 Stellf\u00fc\u00dfe an der Ger\u00e4tebasis f\u00fcr einfache Installation auch auf unebenen Fu\u00dfb\u00f6den<br \/>\n\u2013 Anschlussfertig!<\/p>\n","protected":false},"excerpt":{"rendered":"<p>Flacher Pelletofen mit wahlweise Kanalisierung (1 Raumventilator f\u00fcr den Aufstellraum, 1 Ventilator f\u00fcr einen weiteren Wohnraum \u00fcber einen Flexschlauch) Der Flexschlauch ist nicht enthalten. <a href=\"https:\/\/shop.ofendiskont.at\/?product=sirio-10kw-wahlweise-auch-mit-kanalisierung\">Weiterlesen <span class=\"meta-nav\">&rarr;<\/span><\/a><\/p>\n","protected":false},"featured_media":1063,"template":"","meta":[],"product_brand":[],"product_cat":[28,16],"product_tag":[126,121],"class_list":{"0":"post-1060","1":"product","2":"type-product","3":"status-publish","4":"has-post-thumbnail","6":"product_cat-kanalisierte-pelletoefen","7":"product_cat-luftgefuehrte-pelletoefen","8":"product_tag-luftgeuehrt","9":"product_tag-schmaler-pelletofen","10":"pa_kanalisiert-mit-kanalisierung","11":"pa_kanalisiert-ohne-kanalisierung","13":"first","14":"onbackorder","15":"shipping-taxable","16":"purchasable","17":"product-type-variable"},"_links":{"self":[{"href":"https:\/\/shop.ofendiskont.at\/index.php?rest_route=\/wp\/v2\/product\/1060","targetHints":{"allow":["GET"]}}],"collection":[{"href":"https:\/\/shop.ofendiskont.at\/index.php?rest_route=\/wp\/v2\/product"}],"about":[{"href":"https:\/\/shop.ofendiskont.at\/index.php?rest_route=\/wp\/v2\/types\/product"}],"wp:featuredmedia":[{"embeddable":true,"href":"https:\/\/shop.ofendiskont.at\/index.php?rest_route=\/wp\/v2\/media\/1063"}],"wp:attachment":[{"href":"https:\/\/shop.ofendiskont.at\/index.php?rest_route=%2Fwp%2Fv2%2Fmedia&parent=1060"}],"wp:term":[{"taxonomy":"product_brand","embeddable":true,"href":"https:\/\/shop.ofendiskont.at\/index.php?rest_route=%2Fwp%2Fv2%2Fproduct_brand&post=1060"},{"taxonomy":"product_cat","embeddable":true,"href":"https:\/\/shop.ofendiskont.at\/index.php?rest_route=%2Fwp%2Fv2%2Fproduct_cat&post=1060"},{"taxonomy":"product_tag","embeddable":true,"href":"https:\/\/shop.ofendiskont.at\/index.php?rest_route=%2Fwp%2Fv2%2Fproduct_tag&post=1060"}],"curies":[{"name":"wp","href":"https:\/\/api.w.org\/{rel}","templated":true}]}}