{"id":125,"date":"2020-09-19T18:05:29","date_gmt":"2020-09-19T16:05:29","guid":{"rendered":"https:\/\/shop.ofendiskont.at\/?post_type=product&#038;p=125"},"modified":"2024-02-21T14:23:44","modified_gmt":"2024-02-21T13:23:44","slug":"milu-11-und-14kw","status":"publish","type":"product","link":"https:\/\/shop.ofendiskont.at\/?product=milu-11-und-14kw","title":{"rendered":"Mil\u00f9 11 und 14kw"},"content":{"rendered":"<p>In den Farben rot, wei\u00df und schwarz erh\u00e4ltlich.<\/p>\n<p>bis zu 93,4% Energieeffizienz<br \/>\n25kg Pellettank<br \/>\nbis 310m3 Raumluftvolumen (11kw)<\/p>\n<p>bis 340m3 Raumluftvolumen (14kw)<br \/>\nMax. Autonomie (auf kleinster Stufe): 34,7 Stunden<br \/>\n80mm Rauchrohranschluss<br \/>\n125kg Gewicht<br \/>\nMa\u00dfe: 49x50x107cm<br \/>\nEnergieeffizienzklasse A+<\/p>\n<p>Dieser Ofen hat eine lange Betriebsdauer, eine hochwertige Verbrennung und damit einen hohe Wirkungsgrad. Er w\u00e4rmt den Aufstellraum und l\u00e4sst sich bequem einstellen.<br \/>\n&#8211; Brenntopf aus Edelstahl, mit glatter Oberfl\u00e4che, damit weniger R\u00fcckst\u00e4nde im Topf bleiben<br \/>\n&#8211; Panoramascheibe mit Scheibensp\u00fclung<br \/>\n&#8211; Raumtemperatursonde, damit Sie die gew\u00fcnschte Temperatur halten k\u00f6nnen<br \/>\n&#8211; Automatische Reinigung des Brenntopfes durch regelm\u00e4\u00dfige Luftsp\u00fclung<br \/>\n&#8211; Gro\u00dfe Glasscheibe f\u00fcr bessere Sicht der Flamme<br \/>\n&#8211; WLAN-Modul optional erh\u00e4ltlich \u2013 damit k\u00f6nnen Sie Ihren Ofen \u00fcber das Internet steuern<br \/>\n&#8211; Herausziehbarer Aschekasten<br \/>\n&#8211; Timer programmierbar<br \/>\n&#8211; Stellf\u00fc\u00dfe an der Ger\u00e4tebasis f\u00fcr einfache Installation auch auf unebenen Fu\u00dfb\u00f6den<br \/>\n&#8211; Anschlussfertig!<\/p>\n","protected":false},"excerpt":{"rendered":"<p>Der Mil\u00f9 ist ein wundersch\u00f6ner Ofen, bei dem Sie zwischen 2 Leistungsvarianten w\u00e4hlen k\u00f6nnen. 11 oder 14kw. <a href=\"https:\/\/shop.ofendiskont.at\/?product=milu-11-und-14kw\">Weiterlesen <span class=\"meta-nav\">&rarr;<\/span><\/a><\/p>\n","protected":false},"featured_media":167,"template":"","meta":[],"product_brand":[],"product_cat":[16],"product_tag":[],"class_list":{"0":"post-125","1":"product","2":"type-product","3":"status-publish","4":"has-post-thumbnail","6":"product_cat-luftgefuehrte-pelletoefen","7":"pa_leistung-11kw","8":"pa_leistung-14kw","10":"first","11":"instock","12":"sale","13":"shipping-taxable","14":"purchasable","15":"product-type-variable"},"_links":{"self":[{"href":"https:\/\/shop.ofendiskont.at\/index.php?rest_route=\/wp\/v2\/product\/125","targetHints":{"allow":["GET"]}}],"collection":[{"href":"https:\/\/shop.ofendiskont.at\/index.php?rest_route=\/wp\/v2\/product"}],"about":[{"href":"https:\/\/shop.ofendiskont.at\/index.php?rest_route=\/wp\/v2\/types\/product"}],"wp:featuredmedia":[{"embeddable":true,"href":"https:\/\/shop.ofendiskont.at\/index.php?rest_route=\/wp\/v2\/media\/167"}],"wp:attachment":[{"href":"https:\/\/shop.ofendiskont.at\/index.php?rest_route=%2Fwp%2Fv2%2Fmedia&parent=125"}],"wp:term":[{"taxonomy":"product_brand","embeddable":true,"href":"https:\/\/shop.ofendiskont.at\/index.php?rest_route=%2Fwp%2Fv2%2Fproduct_brand&post=125"},{"taxonomy":"product_cat","embeddable":true,"href":"https:\/\/shop.ofendiskont.at\/index.php?rest_route=%2Fwp%2Fv2%2Fproduct_cat&post=125"},{"taxonomy":"product_tag","embeddable":true,"href":"https:\/\/shop.ofendiskont.at\/index.php?rest_route=%2Fwp%2Fv2%2Fproduct_tag&post=125"}],"curies":[{"name":"wp","href":"https:\/\/api.w.org\/{rel}","templated":true}]}}