{"id":150,"date":"2020-09-19T18:37:10","date_gmt":"2020-09-19T16:37:10","guid":{"rendered":"https:\/\/shop.ofendiskont.at\/?post_type=product&#038;p=150"},"modified":"2026-02-09T17:03:47","modified_gmt":"2026-02-09T16:03:47","slug":"pelletkessel-alfa20","status":"publish","type":"product","link":"https:\/\/shop.ofendiskont.at\/?product=pelletkessel-alfa20","title":{"rendered":"Pelletkessel Alfa20 wasserf\u00fchrender Pelletkessel 20KW"},"content":{"rendered":"<p>Kessel mit 20kw<br \/>\nPellettank 30kg<br \/>\nWirkungsgrad &gt;96%<br \/>\nWassertasche 35 Ltr<br \/>\nGewicht 205kg<br \/>\nRauchrohranschluss 80mm<br \/>\nWassertemperatursonde, Display f\u00fcr die Steuerung, Edelstahlfeuerschale, Anschlussvorbereitung f\u00fcr externes Thermostat, inkl. energiesparender Pumpe, Sicherheitsventil, Entl\u00fcfter&#8230; Anschlussfertig-fragen Sie uns.<br \/>\nNeueste Technologie, einfach zu reinigen und einzustellen.<\/p>\n<p><img loading=\"lazy\" decoding=\"async\" class=\"size-medium wp-image-1536 alignleft\" src=\"https:\/\/shop.ofendiskont.at\/wp-content\/uploads\/2020\/09\/anschluesse_ac-248x300.jpg\" alt=\"\" width=\"248\" height=\"300\" srcset=\"https:\/\/shop.ofendiskont.at\/wp-content\/uploads\/2020\/09\/anschluesse_ac-248x300.jpg 248w, https:\/\/shop.ofendiskont.at\/wp-content\/uploads\/2020\/09\/anschluesse_ac-300x364.jpg 300w, https:\/\/shop.ofendiskont.at\/wp-content\/uploads\/2020\/09\/anschluesse_ac.jpg 600w\" sizes=\"auto, (max-width: 248px) 100vw, 248px\" \/><\/p>\n<p>Unsere wasserf\u00fchrenden Pellet\u00f6fen k\u00f6nnen Sie manuell, \u00fcber den Ein- und Ausschaltknopf, \u00fcber ein Zeitprogramm das Sie selber einstellen k\u00f6nnen, oder \u00fcber einen externen potentialfreien Kontakt (Heizungssteuerung-Kesselanforderung oder Raumthermostat) schalten. Es k\u00f6nnen grunds\u00e4tzlich alle potentialfrei-schaltenden Raumthermostate verwendet werden, das ist unabh\u00e4ngig vom Produzenten. Wichtig ist nur, dass die Hysterese (Ein-Ausschaltschwelle) eingestellt werden kann. Gerne helfen wir Ihnen bei Fragen dazu.<\/p>\n<p>Der Ofen wird \u00fcber seine Steuerung in der Leistung reguliert. Er versucht die gew\u00fcnschte Wassertemperatur (55 bis 65\u00b0 C) zu erreichen und zu halten.<\/p>\n<p>Hier k\u00f6nnen Sie uns gerne Fragen zum Ger\u00e4t stellen.<\/p>\n<style id=\"wpforms-css-vars-1341\">\n\t\t\t\t#wpforms-1341 {\n\t\t\t\t\n\t\t\t}\n\t\t\t<\/style><div class=\"wpforms-container wpforms-container-full wpforms-render-modern\" id=\"wpforms-1341\"><form id=\"wpforms-form-1341\" class=\"wpforms-validate wpforms-form wpforms-ajax-form\" data-formid=\"1341\" method=\"post\" enctype=\"multipart\/form-data\" action=\"\/index.php?rest_route=%2Fwp%2Fv2%2Fproduct%2F150\" data-token=\"91f8e58b4461466288bd16b14582eb16\" data-token-time=\"1776502642\"><noscript class=\"wpforms-error-noscript\">Bitte aktiviere JavaScript in deinem Browser, um dieses Formular fertigzustellen.<\/noscript><div id=\"wpforms-error-noscript\" style=\"display: none;\">Bitte aktiviere JavaScript in deinem Browser, um dieses Formular fertigzustellen.<\/div><div class=\"wpforms-field-container\"><div id=\"wpforms-1341-field_0-container\" class=\"wpforms-field wpforms-field-name\" data-field-id=\"0\"><fieldset><legend class=\"wpforms-field-label\">Name <span class=\"wpforms-required-label\" aria-hidden=\"true\">*<\/span><\/legend><div class=\"wpforms-field-row wpforms-field-medium\"><div class=\"wpforms-field-row-block wpforms-first wpforms-one-half\"><input type=\"text\" id=\"wpforms-1341-field_0\" class=\"wpforms-field-name-first wpforms-field-required\" name=\"wpforms[fields][0][first]\" aria-errormessage=\"wpforms-1341-field_0-error\" required><label for=\"wpforms-1341-field_0\" class=\"wpforms-field-sublabel after\">Vorname<\/label><\/div><div class=\"wpforms-field-row-block wpforms-one-half\"><input type=\"text\" id=\"wpforms-1341-field_0-last\" class=\"wpforms-field-name-last wpforms-field-required\" name=\"wpforms[fields][0][last]\" aria-errormessage=\"wpforms-1341-field_0-last-error\" required><label for=\"wpforms-1341-field_0-last\" class=\"wpforms-field-sublabel after\">Nachname<\/label><\/div><\/div><\/fieldset><\/div><div id=\"wpforms-1341-field_4-container\" class=\"wpforms-field wpforms-field-text\" data-field-id=\"4\"><label class=\"wpforms-field-label\" for=\"wpforms-1341-field_4\">Ort oder Bezirk <span class=\"wpforms-required-label\" aria-hidden=\"true\">*<\/span><\/label><input type=\"text\" id=\"wpforms-1341-field_4\" class=\"wpforms-field-medium wpforms-field-required\" name=\"wpforms[fields][4]\" aria-errormessage=\"wpforms-1341-field_4-error\" required><\/div><div id=\"wpforms-1341-field_6-container\" class=\"wpforms-field wpforms-field-number\" data-field-id=\"6\"><label class=\"wpforms-field-label\" for=\"wpforms-1341-field_6\">Telefonnummer <span class=\"wpforms-required-label\" aria-hidden=\"true\">*<\/span><\/label><input type=\"number\" id=\"wpforms-1341-field_6\" class=\"wpforms-field-medium wpforms-field-required\" name=\"wpforms[fields][6]\" step=\"any\" aria-errormessage=\"wpforms-1341-field_6-error\" required><\/div><div id=\"wpforms-1341-field_1-container\" class=\"wpforms-field wpforms-field-email\" data-field-id=\"1\"><label class=\"wpforms-field-label\" for=\"wpforms-1341-field_1\">E-Mail-Adresse <span class=\"wpforms-required-label\" aria-hidden=\"true\">*<\/span><\/label><input type=\"email\" id=\"wpforms-1341-field_1\" class=\"wpforms-field-medium wpforms-field-required\" name=\"wpforms[fields][1]\" spellcheck=\"false\" aria-errormessage=\"wpforms-1341-field_1-error\" required><\/div><div id=\"wpforms-1341-field_5-container\" class=\"wpforms-field wpforms-field-select wpforms-field-select-style-classic\" data-field-id=\"5\"><label class=\"wpforms-field-label\" for=\"wpforms-1341-field_5\">Thema<\/label><select id=\"wpforms-1341-field_5\" class=\"wpforms-field-medium\" name=\"wpforms[fields][5]\"><option value=\"Pellet\u00f6fen\"  class=\"choice-1 depth-1\"  >Pellet\u00f6fen<\/option><option value=\"Holz\u00f6fen\"  class=\"choice-2 depth-1\"  >Holz\u00f6fen<\/option><option value=\"Rauchf\u00e4nge\"  class=\"choice-3 depth-1\"  >Rauchf\u00e4nge<\/option><option value=\"Sonstiges\"  class=\"choice-4 depth-1\"  >Sonstiges<\/option><option value=\"K\u00fcchenherde\"  class=\"choice-5 depth-1\"  >K\u00fcchenherde<\/option><\/select><\/div><div id=\"wpforms-1341-field_2-container\" class=\"wpforms-field wpforms-field-textarea\" data-field-id=\"2\"><label class=\"wpforms-field-label\" for=\"wpforms-1341-field_2\">Kommentar oder Nachricht <span class=\"wpforms-required-label\" aria-hidden=\"true\">*<\/span><\/label><textarea id=\"wpforms-1341-field_2\" class=\"wpforms-field-medium wpforms-field-required\" name=\"wpforms[fields][2]\" aria-errormessage=\"wpforms-1341-field_2-error\" required><\/textarea><\/div><\/div><!-- .wpforms-field-container --><div class=\"wpforms-submit-container\" ><input type=\"hidden\" name=\"wpforms[id]\" value=\"1341\"><input type=\"hidden\" name=\"page_title\" value=\"\"><input type=\"hidden\" name=\"page_url\" value=\"https:\/\/shop.ofendiskont.at\/index.php?rest_route=\/wp\/v2\/product\/150\"><input type=\"hidden\" name=\"url_referer\" value=\"\"><button type=\"submit\" name=\"wpforms[submit]\" id=\"wpforms-submit-1341\" class=\"wpforms-submit\" data-alt-text=\"Wird gesendet\u00a0\u2026\" data-submit-text=\"Absenden\" aria-live=\"assertive\" value=\"wpforms-submit\">Absenden<\/button><img loading=\"lazy\" decoding=\"async\" src=\"https:\/\/shop.ofendiskont.at\/wp-content\/plugins\/wpforms-lite\/assets\/images\/submit-spin.svg\" class=\"wpforms-submit-spinner\" style=\"display: none;\" width=\"26\" height=\"26\" alt=\"Wird geladen\"><\/div><\/form><\/div>  <!-- .wpforms-container -->\n","protected":false},"excerpt":{"rendered":"<p>Pelletkessel mit 20kw. Isoliert f\u00fcr eine optimale Energieausbeute.<\/p>\n<p><a href=\"https:\/\/shop.ofendiskont.at\/wp-content\/uploads\/2020\/09\/AC_schede_tecniche_2021_alfa20_caldaia.pdf\" target=\"_blank\" rel=\"noopener\">Hier finden Sie das technische Datenblatt f\u00fcr den 20kw Kessel<\/a> <a href=\"https:\/\/shop.ofendiskont.at\/?product=pelletkessel-alfa20\">Weiterlesen <span class=\"meta-nav\">&rarr;<\/span><\/a><\/p>\n","protected":false},"featured_media":151,"template":"","meta":[],"product_brand":[],"product_cat":[27,17],"product_tag":[],"class_list":{"0":"post-150","1":"product","2":"type-product","3":"status-publish","4":"has-post-thumbnail","6":"product_cat-pelletkessel","7":"product_cat-wassergefuehrte-pelletoefen","9":"first","10":"instock","11":"shipping-taxable","12":"purchasable","13":"product-type-simple"},"_links":{"self":[{"href":"https:\/\/shop.ofendiskont.at\/index.php?rest_route=\/wp\/v2\/product\/150","targetHints":{"allow":["GET"]}}],"collection":[{"href":"https:\/\/shop.ofendiskont.at\/index.php?rest_route=\/wp\/v2\/product"}],"about":[{"href":"https:\/\/shop.ofendiskont.at\/index.php?rest_route=\/wp\/v2\/types\/product"}],"wp:featuredmedia":[{"embeddable":true,"href":"https:\/\/shop.ofendiskont.at\/index.php?rest_route=\/wp\/v2\/media\/151"}],"wp:attachment":[{"href":"https:\/\/shop.ofendiskont.at\/index.php?rest_route=%2Fwp%2Fv2%2Fmedia&parent=150"}],"wp:term":[{"taxonomy":"product_brand","embeddable":true,"href":"https:\/\/shop.ofendiskont.at\/index.php?rest_route=%2Fwp%2Fv2%2Fproduct_brand&post=150"},{"taxonomy":"product_cat","embeddable":true,"href":"https:\/\/shop.ofendiskont.at\/index.php?rest_route=%2Fwp%2Fv2%2Fproduct_cat&post=150"},{"taxonomy":"product_tag","embeddable":true,"href":"https:\/\/shop.ofendiskont.at\/index.php?rest_route=%2Fwp%2Fv2%2Fproduct_tag&post=150"}],"curies":[{"name":"wp","href":"https:\/\/api.w.org\/{rel}","templated":true}]}}