{"id":1542,"date":"2026-03-24T11:41:04","date_gmt":"2026-03-24T10:41:04","guid":{"rendered":"https:\/\/shop.ofendiskont.at\/?post_type=product&#038;p=1542"},"modified":"2026-03-24T12:50:00","modified_gmt":"2026-03-24T11:50:00","slug":"kuechenherd-wasserfuehrend-78kw-zum-spitzenpreis","status":"publish","type":"product","link":"https:\/\/shop.ofendiskont.at\/?product=kuechenherd-wasserfuehrend-78kw-zum-spitzenpreis","title":{"rendered":"K\u00fcchenherd wasserf\u00fchrend 7,8kw zum Spitzenpreis"},"content":{"rendered":"<pre>Nennw\u00e4rmeleistung: 7,8 kW\r\n\r\nLeistung Aufstellraum: 4,4 \u2013 5 kW\r\n\r\nLeistung wasserseitig: 3,4 \u2013 7 kW\r\n\r\nInhalt Wassertasche: 15 Liter\r\n\r\nAnschl\u00fcsse Hydraulik: 1Zoll\r\n\r\nRauchrohranschluss: 120 mm\r\n\r\nAbmessungen (w-h-t): 510 x 850 x 575 mm\r\n\r\nMa\u00dfe Brennraum (w-h-t): 380 x 250 x 400 mm\r\n\r\nMindestzug Rauchfang: 15 Pa\r\n\r\nEffizienz: 78,6 %\r\n\r\nGewicht: 130 kg<\/pre>\n<p>Wasserf\u00fchrend ist der Ofen nur in dieser Farbe erh\u00e4ltlich!<\/p>\n<p>Gerne stehen wir f\u00fcr weitere Fragen zur Verf\u00fcgung!<\/p>\n<p>&nbsp;<\/p>\n<p>Hier k\u00f6nnen Sie gerne gleich anfragen:<\/p>\n<style id=\"wpforms-css-vars-1548\">\n\t\t\t\t#wpforms-1548 {\n\t\t\t\t--wpforms-container-padding: 0px;\n--wpforms-container-border-width: 1px;\n--wpforms-container-border-radius: 3px;\n--wpforms-background-color: rgba(0, 0, 0, 0);\n--wpforms-field-size-input-height: 43px;\n--wpforms-field-size-input-spacing: 15px;\n--wpforms-field-size-font-size: 16px;\n--wpforms-field-size-line-height: 19px;\n--wpforms-field-size-padding-h: 14px;\n--wpforms-field-size-checkbox-size: 16px;\n--wpforms-field-size-sublabel-spacing: 5px;\n--wpforms-field-size-icon-size: 1;\n--wpforms-label-size-font-size: 16px;\n--wpforms-label-size-line-height: 19px;\n--wpforms-label-size-sublabel-font-size: 14px;\n--wpforms-label-size-sublabel-line-height: 17px;\n--wpforms-button-size-font-size: 17px;\n--wpforms-button-size-height: 41px;\n--wpforms-button-size-padding-h: 15px;\n--wpforms-button-size-margin-top: 10px;\n--wpforms-container-shadow-size-box-shadow: none;\n\t\t\t}\n\t\t\t<\/style><div class=\"wpforms-container wpforms-container-full wpforms-render-modern\" id=\"wpforms-1548\"><form id=\"wpforms-form-1548\" class=\"wpforms-validate wpforms-form wpforms-ajax-form\" data-formid=\"1548\" method=\"post\" enctype=\"multipart\/form-data\" action=\"\/index.php?rest_route=%2Fwp%2Fv2%2Fproduct%2F1542\" data-token=\"7eeb9c52cbfb693299f10e614697ed45\" data-token-time=\"1776483166\"><noscript class=\"wpforms-error-noscript\">Bitte aktiviere JavaScript in deinem Browser, um dieses Formular fertigzustellen.<\/noscript><div id=\"wpforms-error-noscript\" style=\"display: none;\">Bitte aktiviere JavaScript in deinem Browser, um dieses Formular fertigzustellen.<\/div><div class=\"wpforms-field-container\"><div id=\"wpforms-1548-field_0-container\" class=\"wpforms-field wpforms-field-name\" data-field-id=\"0\"><fieldset><legend class=\"wpforms-field-label\">Name <span class=\"wpforms-required-label\" aria-hidden=\"true\">*<\/span><\/legend><div class=\"wpforms-field-row wpforms-field-medium\"><div class=\"wpforms-field-row-block wpforms-first wpforms-one-half\"><input type=\"text\" id=\"wpforms-1548-field_0\" class=\"wpforms-field-name-first wpforms-field-required\" name=\"wpforms[fields][0][first]\" aria-errormessage=\"wpforms-1548-field_0-error\" required><label for=\"wpforms-1548-field_0\" class=\"wpforms-field-sublabel after\">Vorname<\/label><\/div><div class=\"wpforms-field-row-block wpforms-one-half\"><input type=\"text\" id=\"wpforms-1548-field_0-last\" class=\"wpforms-field-name-last wpforms-field-required\" name=\"wpforms[fields][0][last]\" aria-errormessage=\"wpforms-1548-field_0-last-error\" required><label for=\"wpforms-1548-field_0-last\" class=\"wpforms-field-sublabel after\">Nachname<\/label><\/div><\/div><\/fieldset><\/div><div id=\"wpforms-1548-field_4-container\" class=\"wpforms-field wpforms-field-text\" data-field-id=\"4\"><label class=\"wpforms-field-label\" for=\"wpforms-1548-field_4\">Ort oder Bezirk <span class=\"wpforms-required-label\" aria-hidden=\"true\">*<\/span><\/label><input type=\"text\" id=\"wpforms-1548-field_4\" class=\"wpforms-field-medium wpforms-field-required\" name=\"wpforms[fields][4]\" aria-errormessage=\"wpforms-1548-field_4-error\" required><\/div><div id=\"wpforms-1548-field_6-container\" class=\"wpforms-field wpforms-field-number\" data-field-id=\"6\"><label class=\"wpforms-field-label\" for=\"wpforms-1548-field_6\">Telefonnummer <span class=\"wpforms-required-label\" aria-hidden=\"true\">*<\/span><\/label><input type=\"number\" id=\"wpforms-1548-field_6\" class=\"wpforms-field-medium wpforms-field-required\" name=\"wpforms[fields][6]\" step=\"any\" aria-errormessage=\"wpforms-1548-field_6-error\" required><\/div><div id=\"wpforms-1548-field_1-container\" class=\"wpforms-field wpforms-field-email\" data-field-id=\"1\"><label class=\"wpforms-field-label\" for=\"wpforms-1548-field_1\">E-Mail-Adresse <span class=\"wpforms-required-label\" aria-hidden=\"true\">*<\/span><\/label><input type=\"email\" id=\"wpforms-1548-field_1\" class=\"wpforms-field-medium wpforms-field-required\" name=\"wpforms[fields][1]\" spellcheck=\"false\" aria-errormessage=\"wpforms-1548-field_1-error\" required><\/div><div id=\"wpforms-1548-field_5-container\" class=\"wpforms-field wpforms-field-select wpforms-field-select-style-classic\" data-field-id=\"5\"><label class=\"wpforms-field-label\" for=\"wpforms-1548-field_5\">Thema<\/label><select id=\"wpforms-1548-field_5\" class=\"wpforms-field-medium\" name=\"wpforms[fields][5]\"><option value=\"K\u00fcchenherde\"  class=\"choice-5 depth-1\"  >K\u00fcchenherde<\/option><\/select><\/div><div id=\"wpforms-1548-field_2-container\" class=\"wpforms-field wpforms-field-textarea\" data-field-id=\"2\"><label class=\"wpforms-field-label\" for=\"wpforms-1548-field_2\">Kommentar oder Nachricht <span class=\"wpforms-required-label\" aria-hidden=\"true\">*<\/span><\/label><textarea id=\"wpforms-1548-field_2\" class=\"wpforms-field-medium wpforms-field-required\" name=\"wpforms[fields][2]\" aria-errormessage=\"wpforms-1548-field_2-error\" required><\/textarea><\/div><\/div><!-- .wpforms-field-container --><div class=\"wpforms-submit-container\" ><input type=\"hidden\" name=\"wpforms[id]\" value=\"1548\"><input type=\"hidden\" name=\"page_title\" value=\"\"><input type=\"hidden\" name=\"page_url\" value=\"https:\/\/shop.ofendiskont.at\/index.php?rest_route=\/wp\/v2\/product\/1542\"><input type=\"hidden\" name=\"url_referer\" value=\"\"><button type=\"submit\" name=\"wpforms[submit]\" id=\"wpforms-submit-1548\" class=\"wpforms-submit\" data-alt-text=\"Wird gesendet\u00a0\u2026\" data-submit-text=\"Absenden\" aria-live=\"assertive\" value=\"wpforms-submit\">Absenden<\/button><img loading=\"lazy\" decoding=\"async\" src=\"https:\/\/shop.ofendiskont.at\/wp-content\/plugins\/wpforms-lite\/assets\/images\/submit-spin.svg\" class=\"wpforms-submit-spinner\" style=\"display: none;\" width=\"26\" height=\"26\" alt=\"Wird geladen\"><\/div><\/form><\/div>  <!-- .wpforms-container -->\n","protected":false},"excerpt":{"rendered":"<p>Kosteng\u00fcnstiger wasserf\u00fchrender Holzherd <a href=\"https:\/\/shop.ofendiskont.at\/?product=kuechenherd-wasserfuehrend-78kw-zum-spitzenpreis\">Weiterlesen <span class=\"meta-nav\">&rarr;<\/span><\/a><\/p>\n","protected":false},"featured_media":1543,"template":"","meta":[],"product_brand":[],"product_cat":[41,42],"product_tag":[],"class_list":{"0":"post-1542","1":"product","2":"type-product","3":"status-publish","4":"has-post-thumbnail","6":"product_cat-holzoefen","7":"product_cat-wasserfuehrende-holzoefen","9":"first","10":"instock","11":"sale","12":"shipping-taxable","13":"purchasable","14":"product-type-simple"},"_links":{"self":[{"href":"https:\/\/shop.ofendiskont.at\/index.php?rest_route=\/wp\/v2\/product\/1542","targetHints":{"allow":["GET"]}}],"collection":[{"href":"https:\/\/shop.ofendiskont.at\/index.php?rest_route=\/wp\/v2\/product"}],"about":[{"href":"https:\/\/shop.ofendiskont.at\/index.php?rest_route=\/wp\/v2\/types\/product"}],"wp:featuredmedia":[{"embeddable":true,"href":"https:\/\/shop.ofendiskont.at\/index.php?rest_route=\/wp\/v2\/media\/1543"}],"wp:attachment":[{"href":"https:\/\/shop.ofendiskont.at\/index.php?rest_route=%2Fwp%2Fv2%2Fmedia&parent=1542"}],"wp:term":[{"taxonomy":"product_brand","embeddable":true,"href":"https:\/\/shop.ofendiskont.at\/index.php?rest_route=%2Fwp%2Fv2%2Fproduct_brand&post=1542"},{"taxonomy":"product_cat","embeddable":true,"href":"https:\/\/shop.ofendiskont.at\/index.php?rest_route=%2Fwp%2Fv2%2Fproduct_cat&post=1542"},{"taxonomy":"product_tag","embeddable":true,"href":"https:\/\/shop.ofendiskont.at\/index.php?rest_route=%2Fwp%2Fv2%2Fproduct_tag&post=1542"}],"curies":[{"name":"wp","href":"https:\/\/api.w.org\/{rel}","templated":true}]}}