{"id":349,"date":"2020-09-20T10:45:27","date_gmt":"2020-09-20T08:45:27","guid":{"rendered":"https:\/\/shop.ofendiskont.at\/?post_type=product&#038;p=349"},"modified":"2024-05-06T14:48:46","modified_gmt":"2024-05-06T12:48:46","slug":"aquaflam-vario-barma","status":"publish","type":"product","link":"https:\/\/shop.ofendiskont.at\/?product=aquaflam-vario-barma","title":{"rendered":"Aquaflam Vario Barma"},"content":{"rendered":"<p>Den Ofen erhalten Sie in verschiedenen Designs und mit 2 unterschiedlich gro\u00dfen Wassertaschen (11\/5 und 11\/7).<br \/>\nDie Zuluft k\u00f6nnen Sie auf Wunsch manuell oder elektronisch regeln.<\/p>\n<p>Ein hochmoderner Kaminofen, der sogar die anspruchsvollsten Kunden zufrieden stellen m\u00f6chte. Hocheffizient und umweltfreundlich. Sekund\u00e4rverbrennung &#8211;\u00a0Technologie mit au\u00dferordentlicher Leistung von 80%. Verwandlung von wasserf\u00fchrend zu wasserlos. Gemacht aus den besten\u00a0Materialien unter Einhaltung der strengsten europ\u00e4ischen Normen. Ein K\u00fchlkreislauf gew\u00e4hrleistet einen optimalen \u00dcberhitzungsschutz.<\/p>\n<div><\/div>\n<div>Der Ofen besitzt einen Anschluss f\u00fcr die externe Luftzufuhr. Varios, welche mit einer elektronischen Steuerung (Basic-\u00a0Steuerung) ausgestattet sind, sch\u00fctzen zugleich vor \u00dcberhitzung des Ofens.<\/div>\n<div><\/div>\n<div>Sie entscheiden wie Sie Ihren Ofen haben m\u00f6chten. Zwei Leistungsvarianten und der Umbau von wasserf\u00fchrend zu wasserlos &#8211; das macht den Aquaflam VARIO so einzigartig!<\/div>\n<div><img loading=\"lazy\" decoding=\"async\" class=\"size-medium wp-image-350 alignleft\" src=\"https:\/\/shop.ofendiskont.at\/wp-content\/uploads\/2020\/09\/aquaflam-regelung-manuell-300x200.jpg\" alt=\"\" width=\"300\" height=\"200\" srcset=\"https:\/\/shop.ofendiskont.at\/wp-content\/uploads\/2020\/09\/aquaflam-regelung-manuell-300x200.jpg 300w, https:\/\/shop.ofendiskont.at\/wp-content\/uploads\/2020\/09\/aquaflam-regelung-manuell-350x233.jpg 350w, https:\/\/shop.ofendiskont.at\/wp-content\/uploads\/2020\/09\/aquaflam-regelung-manuell.jpg 600w\" sizes=\"auto, (max-width: 300px) 100vw, 300px\" \/>Manuelle Regelung \u00fcber einen Schieber vorne am Ofen.<\/div>\n<div><\/div>\n<div><\/div>\n<div><\/div>\n<div><\/div>\n<div><\/div>\n<div><\/div>\n<div><\/div>\n<div><img loading=\"lazy\" decoding=\"async\" class=\"size-medium wp-image-351 alignleft\" src=\"https:\/\/shop.ofendiskont.at\/wp-content\/uploads\/2020\/09\/aquaflam-regelung-basic-300x200.jpg\" alt=\"\" width=\"300\" height=\"200\" srcset=\"https:\/\/shop.ofendiskont.at\/wp-content\/uploads\/2020\/09\/aquaflam-regelung-basic-300x200.jpg 300w, https:\/\/shop.ofendiskont.at\/wp-content\/uploads\/2020\/09\/aquaflam-regelung-basic-350x233.jpg 350w, https:\/\/shop.ofendiskont.at\/wp-content\/uploads\/2020\/09\/aquaflam-regelung-basic.jpg 600w\" sizes=\"auto, (max-width: 300px) 100vw, 300px\" \/>Elektronische Regelung \u00fcber einen F\u00fchler in der Wassertasche.<\/div>\n<div><\/div>\n<div><\/div>\n<div><\/div>\n<div><\/div>\n<div><\/div>\n<div><\/div>\n<div><img loading=\"lazy\" decoding=\"async\" class=\"size-medium wp-image-352 alignleft\" src=\"https:\/\/shop.ofendiskont.at\/wp-content\/uploads\/2020\/09\/waermetauscher_vario-300x154.jpg\" alt=\"\" width=\"300\" height=\"154\" srcset=\"https:\/\/shop.ofendiskont.at\/wp-content\/uploads\/2020\/09\/waermetauscher_vario-300x154.jpg 300w, https:\/\/shop.ofendiskont.at\/wp-content\/uploads\/2020\/09\/waermetauscher_vario-350x179.jpg 350w, https:\/\/shop.ofendiskont.at\/wp-content\/uploads\/2020\/09\/waermetauscher_vario.jpg 640w\" sizes=\"auto, (max-width: 300px) 100vw, 300px\" \/>3 W\u00e4rmetauscher zur Auswahl: Kleinere oder gr\u00f6\u00dfere Wassertasche und als luftgef\u00fchrte Version mit einem Deflektor ohne Wasser. Den luftgef\u00fchrten Vario finden Sie bei unseren Holz\u00f6fen.<\/div>\n","protected":false},"excerpt":{"rendered":"<p>Den Ofen erhalten Sie in verschiedenen Designs und mit 2 unterschiedlich gro\u00dfen Wassertaschen (11\/5 und 11\/7).<br \/>\nDie Zuluft k\u00f6nnen Sie auf Wunsch manuell oder elektronisch regeln. <a href=\"https:\/\/shop.ofendiskont.at\/?product=aquaflam-vario-barma\">Weiterlesen <span class=\"meta-nav\">&rarr;<\/span><\/a><\/p>\n","protected":false},"featured_media":362,"template":"","meta":[],"product_brand":[],"product_cat":[42],"product_tag":[],"class_list":{"0":"post-349","1":"product","2":"type-product","3":"status-publish","4":"has-post-thumbnail","6":"product_cat-wasserfuehrende-holzoefen","7":"pa_primaerluft-elektronisch","8":"pa_primaerluft-manuell","9":"pa_wassertasche-grosse-wassertasche","10":"pa_wassertasche-kleine-wassertasche","12":"first","13":"instock","14":"shipping-taxable","15":"product-type-variable"},"_links":{"self":[{"href":"https:\/\/shop.ofendiskont.at\/index.php?rest_route=\/wp\/v2\/product\/349","targetHints":{"allow":["GET"]}}],"collection":[{"href":"https:\/\/shop.ofendiskont.at\/index.php?rest_route=\/wp\/v2\/product"}],"about":[{"href":"https:\/\/shop.ofendiskont.at\/index.php?rest_route=\/wp\/v2\/types\/product"}],"wp:featuredmedia":[{"embeddable":true,"href":"https:\/\/shop.ofendiskont.at\/index.php?rest_route=\/wp\/v2\/media\/362"}],"wp:attachment":[{"href":"https:\/\/shop.ofendiskont.at\/index.php?rest_route=%2Fwp%2Fv2%2Fmedia&parent=349"}],"wp:term":[{"taxonomy":"product_brand","embeddable":true,"href":"https:\/\/shop.ofendiskont.at\/index.php?rest_route=%2Fwp%2Fv2%2Fproduct_brand&post=349"},{"taxonomy":"product_cat","embeddable":true,"href":"https:\/\/shop.ofendiskont.at\/index.php?rest_route=%2Fwp%2Fv2%2Fproduct_cat&post=349"},{"taxonomy":"product_tag","embeddable":true,"href":"https:\/\/shop.ofendiskont.at\/index.php?rest_route=%2Fwp%2Fv2%2Fproduct_tag&post=349"}],"curies":[{"name":"wp","href":"https:\/\/api.w.org\/{rel}","templated":true}]}}