{"id":41,"date":"2020-09-19T08:12:56","date_gmt":"2020-09-19T06:12:56","guid":{"rendered":"https:\/\/shop.ofendiskont.at\/?post_type=product&#038;p=41"},"modified":"2026-02-09T17:05:07","modified_gmt":"2026-02-09T16:05:07","slug":"alfa20","status":"publish","type":"product","link":"https:\/\/shop.ofendiskont.at\/?product=alfa20","title":{"rendered":"Alfa20 wasserf\u00fchrend 20KW In der GET Datenbank"},"content":{"rendered":"<p>Wasserf\u00fchrender Pelletofen mit 20kw in den Farben wei\u00df oder rot erh\u00e4ltlich.<br \/>\nStandardm\u00e4\u00dfig ohne Raumluftventilator.<br \/>\nAuch mit einem Raumluftventilator erh\u00e4ltlich (optional)<br \/>\nDer Raumluftventilator sorgt daf\u00fcr, dass der Ofen mehr W\u00e4rme an den Aufstellraum abgibt.<\/p>\n<p>25kg Pellettank<br \/>\n35 Liter Wassertasche<br \/>\nF\u00fcr ca 420m3<br \/>\nBis zu 25 Stunden Autonomie<br \/>\n185kg Gewicht<br \/>\n80mm Rauchgasanschluss<br \/>\nWLAN Modul optional erh\u00e4ltlich<br \/>\nEnergieeffizienz A+<br \/>\nMa\u00dfe: B 615x T 626x H 1160mm<\/p>\n<p><img loading=\"lazy\" decoding=\"async\" class=\"size-medium wp-image-1536 alignleft\" src=\"https:\/\/shop.ofendiskont.at\/wp-content\/uploads\/2020\/09\/anschluesse_ac-248x300.jpg\" alt=\"\" width=\"248\" height=\"300\" srcset=\"https:\/\/shop.ofendiskont.at\/wp-content\/uploads\/2020\/09\/anschluesse_ac-248x300.jpg 248w, https:\/\/shop.ofendiskont.at\/wp-content\/uploads\/2020\/09\/anschluesse_ac-300x364.jpg 300w, https:\/\/shop.ofendiskont.at\/wp-content\/uploads\/2020\/09\/anschluesse_ac.jpg 600w\" sizes=\"auto, (max-width: 248px) 100vw, 248px\" \/>Dieser Ofen mit wassergef\u00fchrter Brennkammer hat eine lange Betriebsdauer, eine hochwertige Verbrennung und damit einen hohe Wirkungsgrad. Sie k\u00f6nnen den Ofen an ein bestehendes Heizsystem mit vorhandenem Kessel anschlie\u00dfen oder den Ofen in einem neuen oder bestehenden Heizungssystem alleine betreiben. Alle Anschl\u00fcsse befinden sich an leicht zug\u00e4nglichen Stellen, um einen einfachen Anschluss und eine leichte Wartung zu erm\u00f6glichen.<\/p>\n<p>&nbsp;<\/p>\n<p>&#8211; Brenntopf aus Edelstahl, mit glatter Oberfl\u00e4che, damit weniger R\u00fcckst\u00e4nde im Topf bleiben<br \/>\n&#8211; Panoramascheibe mit Scheibensp\u00fclung<br \/>\n&#8211; Gro\u00dfe W\u00e4rmetauscher<br \/>\n&#8211; Automatische Reinigung des Brenntopfes durch regelm\u00e4\u00dfige Luftsp\u00fclung<br \/>\n&#8211; Gro\u00dfe Glasscheibe f\u00fcr bessere Sicht der Flamme<br \/>\n&#8211; Anschlussm\u00f6glichkeit eines kabelgebundenen externen Thermostats\/Uhrenthermostats bzw. Kesselanforderung<br \/>\n&#8211; Herausziehbarer Aschekasten<br \/>\n&#8211; Timer programmierbar<br \/>\n&#8211; Stellf\u00fc\u00dfe an der Ger\u00e4tebasis f\u00fcr einfache Installation auch auf unebenen Fu\u00dfb\u00f6den<br \/>\n&#8211; Hydraulikkit (Pumpe, Ausdehnungsgef\u00e4\u00df, \u00dcberdruckventil, Entl\u00fcfter&#8230;)<br \/>\n&#8211; Einfacher Anschluss des Vor- und R\u00fccklaufes<br \/>\n&#8211; Anschlussfertig!<\/p>\n<p>Der Ofen wird \u00fcber seine Steuerung in der Leistung reguliert. Er versucht die gew\u00fcnschte Wassertemperatur (55 bis 65\u00b0 C) zu erreichen und zu halten.<\/p>\n<p>Unsere wasserf\u00fchrenden Pellet\u00f6fen k\u00f6nnen Sie manuell, \u00fcber den Ein- und Ausschaltknopf, \u00fcber ein Zeitprogramm das Sie selber einstellen k\u00f6nnen, oder \u00fcber einen externen potentialfreien Kontakt (Heizungssteuerung-Kesselanforderung oder Raumthermostat) schalten. Es k\u00f6nnen grunds\u00e4tzlich alle potentialfrei schaltenden Raumthermostate verwendet werden, das ist unabh\u00e4ngig vom Produzenten. Wichtig ist nur, dass die Hysterese (Ein-Ausschaltschwelle) eingestellt werden kann. Gerne helfen wir Ihnen bei Fragen dazu.<\/p>\n<p>&nbsp;<\/p>\n<p><strong>Ob Sie eine F\u00f6rderung erhalten m\u00fcssen Sie vor dem Kauf mit den zust\u00e4ndigen Beh\u00f6rden abkl\u00e4ren!<\/strong><\/p>\n<p>\u00dcber unser Kontaktformular k\u00f6nnen Sie uns gleich direkt eine Anfrage senden.<\/p>\n<style id=\"wpforms-css-vars-1341\">\n\t\t\t\t#wpforms-1341 {\n\t\t\t\t\n\t\t\t}\n\t\t\t<\/style><div class=\"wpforms-container wpforms-container-full wpforms-render-modern\" id=\"wpforms-1341\"><form id=\"wpforms-form-1341\" class=\"wpforms-validate wpforms-form wpforms-ajax-form\" data-formid=\"1341\" method=\"post\" enctype=\"multipart\/form-data\" action=\"\/index.php?rest_route=%2Fwp%2Fv2%2Fproduct%2F41\" data-token=\"91f8e58b4461466288bd16b14582eb16\" data-token-time=\"1776502603\"><div class=\"wpforms-head-container\"><\/div><noscript class=\"wpforms-error-noscript\">Bitte aktiviere JavaScript in deinem Browser, um dieses Formular fertigzustellen.<\/noscript><div id=\"wpforms-error-noscript\" style=\"display: none;\">Bitte aktiviere JavaScript in deinem Browser, um dieses Formular fertigzustellen.<\/div><div class=\"wpforms-field-container\"><div id=\"wpforms-1341-field_0-container\" class=\"wpforms-field wpforms-field-name\" data-field-id=\"0\"><fieldset><legend class=\"wpforms-field-label\">Name <span class=\"wpforms-required-label\" aria-hidden=\"true\">*<\/span><\/legend><div class=\"wpforms-field-row wpforms-field-medium\"><div class=\"wpforms-field-row-block wpforms-first wpforms-one-half\"><input type=\"text\" id=\"wpforms-1341-field_0\" class=\"wpforms-field-name-first wpforms-field-required\" name=\"wpforms[fields][0][first]\" aria-errormessage=\"wpforms-1341-field_0-error\" required><label for=\"wpforms-1341-field_0\" class=\"wpforms-field-sublabel after\">Vorname<\/label><\/div><div class=\"wpforms-field-row-block wpforms-one-half\"><input type=\"text\" id=\"wpforms-1341-field_0-last\" class=\"wpforms-field-name-last wpforms-field-required\" name=\"wpforms[fields][0][last]\" aria-errormessage=\"wpforms-1341-field_0-last-error\" required><label for=\"wpforms-1341-field_0-last\" class=\"wpforms-field-sublabel after\">Nachname<\/label><\/div><\/div><\/fieldset><\/div><div id=\"wpforms-1341-field_4-container\" class=\"wpforms-field wpforms-field-text\" data-field-id=\"4\"><label class=\"wpforms-field-label\" for=\"wpforms-1341-field_4\">Ort oder Bezirk <span class=\"wpforms-required-label\" aria-hidden=\"true\">*<\/span><\/label><input type=\"text\" id=\"wpforms-1341-field_4\" class=\"wpforms-field-medium wpforms-field-required\" name=\"wpforms[fields][4]\" aria-errormessage=\"wpforms-1341-field_4-error\" required><\/div><div id=\"wpforms-1341-field_6-container\" class=\"wpforms-field wpforms-field-number\" data-field-id=\"6\"><label class=\"wpforms-field-label\" for=\"wpforms-1341-field_6\">Telefonnummer <span class=\"wpforms-required-label\" aria-hidden=\"true\">*<\/span><\/label><input type=\"number\" id=\"wpforms-1341-field_6\" class=\"wpforms-field-medium wpforms-field-required\" name=\"wpforms[fields][6]\" step=\"any\" aria-errormessage=\"wpforms-1341-field_6-error\" required><\/div><div id=\"wpforms-1341-field_1-container\" class=\"wpforms-field wpforms-field-email\" data-field-id=\"1\"><label class=\"wpforms-field-label\" for=\"wpforms-1341-field_1\">E-Mail-Adresse <span class=\"wpforms-required-label\" aria-hidden=\"true\">*<\/span><\/label><input type=\"email\" id=\"wpforms-1341-field_1\" class=\"wpforms-field-medium wpforms-field-required\" name=\"wpforms[fields][1]\" spellcheck=\"false\" aria-errormessage=\"wpforms-1341-field_1-error\" required><\/div><div id=\"wpforms-1341-field_5-container\" class=\"wpforms-field wpforms-field-select wpforms-field-select-style-classic\" data-field-id=\"5\"><label class=\"wpforms-field-label\" for=\"wpforms-1341-field_5\">Thema<\/label><select id=\"wpforms-1341-field_5\" class=\"wpforms-field-medium\" name=\"wpforms[fields][5]\"><option value=\"Pellet\u00f6fen\"  class=\"choice-1 depth-1\"  >Pellet\u00f6fen<\/option><option value=\"Holz\u00f6fen\"  class=\"choice-2 depth-1\"  >Holz\u00f6fen<\/option><option value=\"Rauchf\u00e4nge\"  class=\"choice-3 depth-1\"  >Rauchf\u00e4nge<\/option><option value=\"Sonstiges\"  class=\"choice-4 depth-1\"  >Sonstiges<\/option><option value=\"K\u00fcchenherde\"  class=\"choice-5 depth-1\"  >K\u00fcchenherde<\/option><\/select><\/div><div id=\"wpforms-1341-field_2-container\" class=\"wpforms-field wpforms-field-textarea\" data-field-id=\"2\"><label class=\"wpforms-field-label\" for=\"wpforms-1341-field_2\">Kommentar oder Nachricht <span class=\"wpforms-required-label\" aria-hidden=\"true\">*<\/span><\/label><textarea id=\"wpforms-1341-field_2\" class=\"wpforms-field-medium wpforms-field-required\" name=\"wpforms[fields][2]\" aria-errormessage=\"wpforms-1341-field_2-error\" required><\/textarea><\/div><\/div><!-- .wpforms-field-container --><div class=\"wpforms-submit-container\" ><input type=\"hidden\" name=\"wpforms[id]\" value=\"1341\"><input type=\"hidden\" name=\"page_title\" value=\"\"><input type=\"hidden\" name=\"page_url\" value=\"https:\/\/shop.ofendiskont.at\/index.php?rest_route=\/wp\/v2\/product\/41\"><input type=\"hidden\" name=\"url_referer\" value=\"\"><button type=\"submit\" name=\"wpforms[submit]\" id=\"wpforms-submit-1341\" class=\"wpforms-submit\" data-alt-text=\"Wird gesendet\u00a0\u2026\" data-submit-text=\"Absenden\" aria-live=\"assertive\" value=\"wpforms-submit\">Absenden<\/button><img loading=\"lazy\" decoding=\"async\" src=\"https:\/\/shop.ofendiskont.at\/wp-content\/plugins\/wpforms-lite\/assets\/images\/submit-spin.svg\" class=\"wpforms-submit-spinner\" style=\"display: none;\" width=\"26\" height=\"26\" alt=\"Wird geladen\"><\/div><\/form><\/div>  <!-- .wpforms-container -->\n","protected":false},"excerpt":{"rendered":"<p>Wasserf\u00fchrender Pelletofen mit 20kw. Wahlweise auch mit Raumluftgebl\u00e4se (optional) erh\u00e4ltlich.<br \/>\n<a href=\"https:\/\/shop.ofendiskont.at\/wp-content\/uploads\/2020\/09\/AC_schede_tecniche_2021_alfa20.pdf\" target=\"_blank\" rel=\"noopener\">Hier finden Sie das technische Datenblatt f\u00fcr den Alfa20<\/a> <a href=\"https:\/\/shop.ofendiskont.at\/?product=alfa20\">Weiterlesen <span class=\"meta-nav\">&rarr;<\/span><\/a><\/p>\n","protected":false},"featured_media":177,"template":"","meta":[],"product_brand":[],"product_cat":[17],"product_tag":[],"class_list":{"0":"post-41","1":"product","2":"type-product","3":"status-publish","4":"has-post-thumbnail","6":"product_cat-wassergefuehrte-pelletoefen","7":"pa_ventilator-mit-ventilator","8":"pa_ventilator-ohne-ventilator","10":"first","11":"onbackorder","12":"shipping-taxable","13":"purchasable","14":"product-type-variable"},"_links":{"self":[{"href":"https:\/\/shop.ofendiskont.at\/index.php?rest_route=\/wp\/v2\/product\/41","targetHints":{"allow":["GET"]}}],"collection":[{"href":"https:\/\/shop.ofendiskont.at\/index.php?rest_route=\/wp\/v2\/product"}],"about":[{"href":"https:\/\/shop.ofendiskont.at\/index.php?rest_route=\/wp\/v2\/types\/product"}],"wp:featuredmedia":[{"embeddable":true,"href":"https:\/\/shop.ofendiskont.at\/index.php?rest_route=\/wp\/v2\/media\/177"}],"wp:attachment":[{"href":"https:\/\/shop.ofendiskont.at\/index.php?rest_route=%2Fwp%2Fv2%2Fmedia&parent=41"}],"wp:term":[{"taxonomy":"product_brand","embeddable":true,"href":"https:\/\/shop.ofendiskont.at\/index.php?rest_route=%2Fwp%2Fv2%2Fproduct_brand&post=41"},{"taxonomy":"product_cat","embeddable":true,"href":"https:\/\/shop.ofendiskont.at\/index.php?rest_route=%2Fwp%2Fv2%2Fproduct_cat&post=41"},{"taxonomy":"product_tag","embeddable":true,"href":"https:\/\/shop.ofendiskont.at\/index.php?rest_route=%2Fwp%2Fv2%2Fproduct_tag&post=41"}],"curies":[{"name":"wp","href":"https:\/\/api.w.org\/{rel}","templated":true}]}}