{"id":778,"date":"2020-09-23T11:26:15","date_gmt":"2020-09-23T09:26:15","guid":{"rendered":"https:\/\/shop.ofendiskont.at\/?post_type=product&#038;p=778"},"modified":"2024-07-09T13:22:08","modified_gmt":"2024-07-09T11:22:08","slug":"kapselknie-mit-kondensatschale","status":"publish","type":"product","link":"https:\/\/shop.ofendiskont.at\/?product=kapselknie-mit-kondensatschale","title":{"rendered":"Kapselknie mit Kondensatschale"},"content":{"rendered":"<p>Das Kapselknie ist die beste L\u00f6sung bei einem hinteren Ausgang. Es hat zwei Funktionen. Einerseits bildet es den Anschluss nach oben, andererseits verf\u00fcgt es \u00fcber einen Deckel, in dem sich Asche und Kondensat sammeln und leicht entfernt werden k\u00f6nnen (siehe dazu das Bild auf Seite 1).<\/p>\n","protected":false},"excerpt":{"rendered":"<p>Das Kapselknie ist die beste L\u00f6sung bei einem hinteren Ausgang. Es hat zwei Funktionen. Einerseits bildet es den Anschluss nach oben, andererseits verf\u00fcgt es \u00fcber einen Deckel, in dem sich Asche und Kondensat sammeln und leicht entfernt werden k\u00f6nnen (siehe &hellip; <a href=\"https:\/\/shop.ofendiskont.at\/?product=kapselknie-mit-kondensatschale\">Weiterlesen <span class=\"meta-nav\">&rarr;<\/span><\/a><\/p>\n","protected":false},"featured_media":1004,"template":"","meta":[],"product_brand":[],"product_cat":[74],"product_tag":[],"class_list":{"0":"post-778","1":"product","2":"type-product","3":"status-publish","4":"has-post-thumbnail","6":"product_cat-pelletofenrohre","8":"first","9":"instock","10":"shipping-taxable","11":"purchasable","12":"product-type-simple"},"_links":{"self":[{"href":"https:\/\/shop.ofendiskont.at\/index.php?rest_route=\/wp\/v2\/product\/778","targetHints":{"allow":["GET"]}}],"collection":[{"href":"https:\/\/shop.ofendiskont.at\/index.php?rest_route=\/wp\/v2\/product"}],"about":[{"href":"https:\/\/shop.ofendiskont.at\/index.php?rest_route=\/wp\/v2\/types\/product"}],"wp:featuredmedia":[{"embeddable":true,"href":"https:\/\/shop.ofendiskont.at\/index.php?rest_route=\/wp\/v2\/media\/1004"}],"wp:attachment":[{"href":"https:\/\/shop.ofendiskont.at\/index.php?rest_route=%2Fwp%2Fv2%2Fmedia&parent=778"}],"wp:term":[{"taxonomy":"product_brand","embeddable":true,"href":"https:\/\/shop.ofendiskont.at\/index.php?rest_route=%2Fwp%2Fv2%2Fproduct_brand&post=778"},{"taxonomy":"product_cat","embeddable":true,"href":"https:\/\/shop.ofendiskont.at\/index.php?rest_route=%2Fwp%2Fv2%2Fproduct_cat&post=778"},{"taxonomy":"product_tag","embeddable":true,"href":"https:\/\/shop.ofendiskont.at\/index.php?rest_route=%2Fwp%2Fv2%2Fproduct_tag&post=778"}],"curies":[{"name":"wp","href":"https:\/\/api.w.org\/{rel}","templated":true}]}}