{"id":82,"date":"2020-09-19T12:54:44","date_gmt":"2020-09-19T10:54:44","guid":{"rendered":"https:\/\/shop.ofendiskont.at\/?post_type=product&#038;p=82"},"modified":"2024-02-21T14:25:57","modified_gmt":"2024-02-21T13:25:57","slug":"sirio-statica-10kw","status":"publish","type":"product","link":"https:\/\/shop.ofendiskont.at\/?product=sirio-statica-10kw","title":{"rendered":"Sirio statica 10kw"},"content":{"rendered":"<p>In den Farben wei\u00df, schwarz oder rot erh\u00e4ltlich.<\/p>\n<p>F\u00fcr ca 300 m3 Raumvolumen<br \/>\n107kg Gewicht<br \/>\nRauchanschluss 80mm<br \/>\nPellettank 25 kg<br \/>\nMa\u00dfe (mm) Breite 850, Tiefe 280 und H\u00f6he 1060mm<br \/>\nAnschluss Rauchrohr: hinten oder oben m\u00f6glich.<br \/>\nEnergieeffizienz A+<\/p>\n<p>Dieser Ofen hat eine lange Betriebsdauer, eine hochwertige Verbrennung und damit einen hohe Wirkungsgrad. Er w\u00e4rmt den Aufstellraum und l\u00e4sst sich bequem einstellen.<br \/>\n&#8211; Brenntopf aus Edelstahl, mit glatter Oberfl\u00e4che, damit weniger R\u00fcckst\u00e4nde im Topf bleiben<br \/>\n&#8211; Panoramascheibe mit Scheibensp\u00fclung<br \/>\n&#8211; Raumtemperatursonde, damit Sie die gew\u00fcnschte Temperatur halten k\u00f6nnen<br \/>\n&#8211; Automatische Reinigung des Brenntopfes durch regelm\u00e4\u00dfige Luftsp\u00fclung<br \/>\n&#8211; Gro\u00dfe Glasscheibe f\u00fcr bessere Sicht der Flamme<br \/>\n&#8211; WLAN-Modul optional erh\u00e4ltlich \u2013 damit k\u00f6nnen Sie Ihren Ofen \u00fcber das Internet steuern<br \/>\n&#8211; Herausziehbarer Aschekasten<br \/>\n&#8211; Timer programmierbar<br \/>\n&#8211; Stellf\u00fc\u00dfe an der Ger\u00e4tebasis f\u00fcr einfache Installation auch auf unebenen Fu\u00dfb\u00f6den<br \/>\n&#8211; Anschlussfertig!<\/p>\n","protected":false},"excerpt":{"rendered":"<p>Der Sirio statica bietet Ihnen mehrere M\u00f6glichkeiten: Er kann mit oder ohne Raumluftgebl\u00e4se bestellt werden. Ohne Raumluftgebl\u00e4se ist er besonders leise. <a href=\"https:\/\/shop.ofendiskont.at\/?product=sirio-statica-10kw\">Weiterlesen <span class=\"meta-nav\">&rarr;<\/span><\/a><\/p>\n","protected":false},"featured_media":172,"template":"","meta":[],"product_brand":[],"product_cat":[16],"product_tag":[],"class_list":{"0":"post-82","1":"product","2":"type-product","3":"status-publish","4":"has-post-thumbnail","6":"product_cat-luftgefuehrte-pelletoefen","7":"pa_ventilator-mit-ventilator","8":"pa_ventilator-ohne-ventilator","10":"first","11":"instock","12":"shipping-taxable","13":"purchasable","14":"product-type-variable"},"_links":{"self":[{"href":"https:\/\/shop.ofendiskont.at\/index.php?rest_route=\/wp\/v2\/product\/82","targetHints":{"allow":["GET"]}}],"collection":[{"href":"https:\/\/shop.ofendiskont.at\/index.php?rest_route=\/wp\/v2\/product"}],"about":[{"href":"https:\/\/shop.ofendiskont.at\/index.php?rest_route=\/wp\/v2\/types\/product"}],"wp:featuredmedia":[{"embeddable":true,"href":"https:\/\/shop.ofendiskont.at\/index.php?rest_route=\/wp\/v2\/media\/172"}],"wp:attachment":[{"href":"https:\/\/shop.ofendiskont.at\/index.php?rest_route=%2Fwp%2Fv2%2Fmedia&parent=82"}],"wp:term":[{"taxonomy":"product_brand","embeddable":true,"href":"https:\/\/shop.ofendiskont.at\/index.php?rest_route=%2Fwp%2Fv2%2Fproduct_brand&post=82"},{"taxonomy":"product_cat","embeddable":true,"href":"https:\/\/shop.ofendiskont.at\/index.php?rest_route=%2Fwp%2Fv2%2Fproduct_cat&post=82"},{"taxonomy":"product_tag","embeddable":true,"href":"https:\/\/shop.ofendiskont.at\/index.php?rest_route=%2Fwp%2Fv2%2Fproduct_tag&post=82"}],"curies":[{"name":"wp","href":"https:\/\/api.w.org\/{rel}","templated":true}]}}