{"id":91,"date":"2020-09-19T16:29:02","date_gmt":"2020-09-19T14:29:02","guid":{"rendered":"https:\/\/shop.ofendiskont.at\/?post_type=product&#038;p=91"},"modified":"2024-02-21T14:25:30","modified_gmt":"2024-02-21T13:25:30","slug":"murano-9kw","status":"publish","type":"product","link":"https:\/\/shop.ofendiskont.at\/?product=murano-9kw","title":{"rendered":"Murano 9kw"},"content":{"rendered":"<p>In den Farben wei\u00df, rot und schwarz erh\u00e4ltlich.<\/p>\n<p>F\u00fcr ca 250m3 Raumvolumen<br \/>\n105 kg Gewicht<br \/>\nRauchanschluss 80mm<br \/>\nPellettank 18 kg<br \/>\nMa\u00dfe in mm: Breite 534, Tiefe 545 und H\u00f6he 1040<\/p>\n<p>Dieser Ofen hat eine lange Betriebsdauer, eine hochwertige Verbrennung und damit einen hohe Wirkungsgrad. Er w\u00e4rmt den Aufstellraum und l\u00e4sst sich bequem einstellen.<br \/>\n&#8211; Brenntopf aus Edelstahl, mit glatter Oberfl\u00e4che, damit weniger R\u00fcckst\u00e4nde im Topf bleiben<br \/>\n&#8211; Panoramascheibe mit Scheibensp\u00fclung<br \/>\n&#8211; Raumtemperatursonde, damit Sie die gew\u00fcnschte Temperatur halten k\u00f6nnen<br \/>\n&#8211; Automatische Reinigung des Brenntopfes durch regelm\u00e4\u00dfige Luftsp\u00fclung<br \/>\n&#8211; Gro\u00dfe Glasscheibe f\u00fcr bessere Sicht der Flamme<br \/>\n&#8211; WLAN-Modul optional erh\u00e4ltlich \u2013 damit k\u00f6nnen Sie Ihren Ofen \u00fcber das Internet steuern<br \/>\n&#8211; Herausziehbarer Aschekasten<br \/>\n&#8211; Timer programmierbar<br \/>\n&#8211; Stellf\u00fc\u00dfe an der Ger\u00e4tebasis f\u00fcr einfache Installation auch auf unebenen Fu\u00dfb\u00f6den<br \/>\n&#8211; Anschlussfertig!<\/p>\n","protected":false},"excerpt":{"rendered":"<p>Der Murano \u00fcberzeugt mit seinem (runden) Design und hat mit 9kw noch gen\u00fcgend Kraft, Ihr Heim zu w\u00e4rmen. <a href=\"https:\/\/shop.ofendiskont.at\/?product=murano-9kw\">Weiterlesen <span class=\"meta-nav\">&rarr;<\/span><\/a><\/p>\n","protected":false},"featured_media":171,"template":"","meta":[],"product_brand":[],"product_cat":[16],"product_tag":[],"class_list":{"0":"post-91","1":"product","2":"type-product","3":"status-publish","4":"has-post-thumbnail","6":"product_cat-luftgefuehrte-pelletoefen","8":"first","9":"instock","10":"sale","11":"shipping-taxable","12":"purchasable","13":"product-type-simple"},"_links":{"self":[{"href":"https:\/\/shop.ofendiskont.at\/index.php?rest_route=\/wp\/v2\/product\/91","targetHints":{"allow":["GET"]}}],"collection":[{"href":"https:\/\/shop.ofendiskont.at\/index.php?rest_route=\/wp\/v2\/product"}],"about":[{"href":"https:\/\/shop.ofendiskont.at\/index.php?rest_route=\/wp\/v2\/types\/product"}],"wp:featuredmedia":[{"embeddable":true,"href":"https:\/\/shop.ofendiskont.at\/index.php?rest_route=\/wp\/v2\/media\/171"}],"wp:attachment":[{"href":"https:\/\/shop.ofendiskont.at\/index.php?rest_route=%2Fwp%2Fv2%2Fmedia&parent=91"}],"wp:term":[{"taxonomy":"product_brand","embeddable":true,"href":"https:\/\/shop.ofendiskont.at\/index.php?rest_route=%2Fwp%2Fv2%2Fproduct_brand&post=91"},{"taxonomy":"product_cat","embeddable":true,"href":"https:\/\/shop.ofendiskont.at\/index.php?rest_route=%2Fwp%2Fv2%2Fproduct_cat&post=91"},{"taxonomy":"product_tag","embeddable":true,"href":"https:\/\/shop.ofendiskont.at\/index.php?rest_route=%2Fwp%2Fv2%2Fproduct_tag&post=91"}],"curies":[{"name":"wp","href":"https:\/\/api.w.org\/{rel}","templated":true}]}}